{"id":1638,"date":"2022-03-07T20:14:38","date_gmt":"2022-03-07T19:14:38","guid":{"rendered":"https:\/\/robocream.com\/prodotto\/r151-med\/"},"modified":"2025-12-02T17:40:41","modified_gmt":"2025-12-02T16:40:41","slug":"r151-med","status":"publish","type":"product","link":"https:\/\/robocream.com\/en\/prodotto\/r151-med\/","title":{"rendered":"R151 MED"},"content":{"rendered":"","protected":false},"excerpt":{"rendered":"<p>RoboCream is a modern and convenient innovation in the the world of handcraft food preparations. It has more than 50 programs (automatic or customisable) to make custard cream, catalan cream, cr\u00e8me brul\u00e9e, lemon cream, mousseline, diplomat, almond cream, butter cream, fruit cream, bavarian cream, p\u00e2te \u00e0 bombe, choux pastry, confiture, jelly, gelatine, nappage, chocolate melting, ganache, chocolate sauce, tomato sauce, bechamel, risotto, polenta, etc. It pasteurizes ice cream mixes. It makes gelato and fresh sorbets<\/p>\n","protected":false},"featured_media":1525,"comment_status":"closed","ping_status":"closed","template":"","meta":{"_acf_changed":false,"inline_featured_image":false},"product_brand":[],"product_cat":[47],"product_tag":[],"class_list":{"0":"post-1638","1":"product","2":"type-product","3":"status-publish","4":"has-post-thumbnail","6":"product_cat-15l-en","8":"first","9":"instock","10":"product-type-simple"},"acf":[],"yoast_head":"<!-- This site is optimized with the Yoast SEO plugin v27.3 - https:\/\/yoast.com\/product\/yoast-seo-wordpress\/ -->\n<title>R151 MED - ROBOcream<\/title>\n<meta name=\"robots\" content=\"index, follow, max-snippet:-1, max-image-preview:large, max-video-preview:-1\" \/>\n<link rel=\"canonical\" href=\"https:\/\/robocream.com\/en\/prodotto\/r151-med\/\" \/>\n<meta property=\"og:locale\" content=\"en_US\" \/>\n<meta property=\"og:type\" content=\"article\" \/>\n<meta property=\"og:title\" content=\"R151 MED - ROBOcream\" \/>\n<meta property=\"og:description\" content=\"RoboCream is a modern and convenient innovation in the the world of handcraft food preparations. It has more than 50 programs (automatic or customisable) to make custard cream, catalan cream, cr\u00e8me brul\u00e9e, lemon cream, mousseline, diplomat, almond cream, butter cream, fruit cream, bavarian cream, p\u00e2te \u00e0 bombe, choux pastry, confiture, jelly, gelatine, nappage, chocolate melting, ganache, chocolate sauce, tomato sauce, bechamel, risotto, polenta, etc. It pasteurizes ice cream mixes. It makes gelato and fresh sorbets\" \/>\n<meta property=\"og:url\" content=\"https:\/\/robocream.com\/en\/prodotto\/r151-med\/\" \/>\n<meta property=\"og:site_name\" content=\"ROBOcream\" \/>\n<meta property=\"article:publisher\" content=\"https:\/\/www.facebook.com\/ROBOcream\" \/>\n<meta property=\"article:modified_time\" content=\"2025-12-02T16:40:41+00:00\" \/>\n<meta property=\"og:image\" content=\"https:\/\/robocream.com\/wp-content\/uploads\/2022\/03\/R151MED.jpg\" \/>\n\t<meta property=\"og:image:width\" content=\"649\" \/>\n\t<meta property=\"og:image:height\" content=\"649\" \/>\n\t<meta property=\"og:image:type\" content=\"image\/jpeg\" \/>\n<meta name=\"twitter:card\" content=\"summary_large_image\" \/>\n<meta name=\"twitter:label1\" content=\"Est. reading time\" \/>\n\t<meta name=\"twitter:data1\" content=\"1 minute\" \/>\n<script type=\"application\/ld+json\" class=\"yoast-schema-graph\">{\"@context\":\"https:\\\/\\\/schema.org\",\"@graph\":[{\"@type\":\"WebPage\",\"@id\":\"https:\\\/\\\/robocream.com\\\/en\\\/prodotto\\\/r151-med\\\/\",\"url\":\"https:\\\/\\\/robocream.com\\\/en\\\/prodotto\\\/r151-med\\\/\",\"name\":\"R151 MED - ROBOcream\",\"isPartOf\":{\"@id\":\"https:\\\/\\\/robocream.com\\\/#website\"},\"primaryImageOfPage\":{\"@id\":\"https:\\\/\\\/robocream.com\\\/en\\\/prodotto\\\/r151-med\\\/#primaryimage\"},\"image\":{\"@id\":\"https:\\\/\\\/robocream.com\\\/en\\\/prodotto\\\/r151-med\\\/#primaryimage\"},\"thumbnailUrl\":\"https:\\\/\\\/i0.wp.com\\\/robocream.com\\\/wp-content\\\/uploads\\\/2022\\\/03\\\/R151MED.jpg?fit=649%2C649&ssl=1\",\"datePublished\":\"2022-03-07T19:14:38+00:00\",\"dateModified\":\"2025-12-02T16:40:41+00:00\",\"breadcrumb\":{\"@id\":\"https:\\\/\\\/robocream.com\\\/en\\\/prodotto\\\/r151-med\\\/#breadcrumb\"},\"inLanguage\":\"en-US\",\"potentialAction\":[{\"@type\":\"ReadAction\",\"target\":[\"https:\\\/\\\/robocream.com\\\/en\\\/prodotto\\\/r151-med\\\/\"]}]},{\"@type\":\"ImageObject\",\"inLanguage\":\"en-US\",\"@id\":\"https:\\\/\\\/robocream.com\\\/en\\\/prodotto\\\/r151-med\\\/#primaryimage\",\"url\":\"https:\\\/\\\/i0.wp.com\\\/robocream.com\\\/wp-content\\\/uploads\\\/2022\\\/03\\\/R151MED.jpg?fit=649%2C649&ssl=1\",\"contentUrl\":\"https:\\\/\\\/i0.wp.com\\\/robocream.com\\\/wp-content\\\/uploads\\\/2022\\\/03\\\/R151MED.jpg?fit=649%2C649&ssl=1\",\"width\":649,\"height\":649,\"caption\":\"Cuocicrema 15 litri R151 MED\"},{\"@type\":\"BreadcrumbList\",\"@id\":\"https:\\\/\\\/robocream.com\\\/en\\\/prodotto\\\/r151-med\\\/#breadcrumb\",\"itemListElement\":[{\"@type\":\"ListItem\",\"position\":1,\"name\":\"Home\",\"item\":\"https:\\\/\\\/robocream.com\\\/en\\\/\"},{\"@type\":\"ListItem\",\"position\":2,\"name\":\"Prodotti\",\"item\":\"https:\\\/\\\/robocream.com\\\/shop\\\/\"},{\"@type\":\"ListItem\",\"position\":3,\"name\":\"R151 MED\"}]},{\"@type\":\"WebSite\",\"@id\":\"https:\\\/\\\/robocream.com\\\/#website\",\"url\":\"https:\\\/\\\/robocream.com\\\/\",\"name\":\"ROBOcream\",\"description\":\"\",\"potentialAction\":[{\"@type\":\"SearchAction\",\"target\":{\"@type\":\"EntryPoint\",\"urlTemplate\":\"https:\\\/\\\/robocream.com\\\/?s={search_term_string}\"},\"query-input\":{\"@type\":\"PropertyValueSpecification\",\"valueRequired\":true,\"valueName\":\"search_term_string\"}}],\"inLanguage\":\"en-US\"}]}<\/script>\n<!-- \/ Yoast SEO plugin. -->","yoast_head_json":{"title":"R151 MED - ROBOcream","robots":{"index":"index","follow":"follow","max-snippet":"max-snippet:-1","max-image-preview":"max-image-preview:large","max-video-preview":"max-video-preview:-1"},"canonical":"https:\/\/robocream.com\/en\/prodotto\/r151-med\/","og_locale":"en_US","og_type":"article","og_title":"R151 MED - ROBOcream","og_description":"RoboCream is a modern and convenient innovation in the the world of handcraft food preparations. It has more than 50 programs (automatic or customisable) to make custard cream, catalan cream, cr\u00e8me brul\u00e9e, lemon cream, mousseline, diplomat, almond cream, butter cream, fruit cream, bavarian cream, p\u00e2te \u00e0 bombe, choux pastry, confiture, jelly, gelatine, nappage, chocolate melting, ganache, chocolate sauce, tomato sauce, bechamel, risotto, polenta, etc. It pasteurizes ice cream mixes. It makes gelato and fresh sorbets","og_url":"https:\/\/robocream.com\/en\/prodotto\/r151-med\/","og_site_name":"ROBOcream","article_publisher":"https:\/\/www.facebook.com\/ROBOcream","article_modified_time":"2025-12-02T16:40:41+00:00","og_image":[{"width":649,"height":649,"url":"https:\/\/robocream.com\/wp-content\/uploads\/2022\/03\/R151MED.jpg","type":"image\/jpeg"}],"twitter_card":"summary_large_image","twitter_misc":{"Est. reading time":"1 minute"},"schema":{"@context":"https:\/\/schema.org","@graph":[{"@type":"WebPage","@id":"https:\/\/robocream.com\/en\/prodotto\/r151-med\/","url":"https:\/\/robocream.com\/en\/prodotto\/r151-med\/","name":"R151 MED - ROBOcream","isPartOf":{"@id":"https:\/\/robocream.com\/#website"},"primaryImageOfPage":{"@id":"https:\/\/robocream.com\/en\/prodotto\/r151-med\/#primaryimage"},"image":{"@id":"https:\/\/robocream.com\/en\/prodotto\/r151-med\/#primaryimage"},"thumbnailUrl":"https:\/\/i0.wp.com\/robocream.com\/wp-content\/uploads\/2022\/03\/R151MED.jpg?fit=649%2C649&ssl=1","datePublished":"2022-03-07T19:14:38+00:00","dateModified":"2025-12-02T16:40:41+00:00","breadcrumb":{"@id":"https:\/\/robocream.com\/en\/prodotto\/r151-med\/#breadcrumb"},"inLanguage":"en-US","potentialAction":[{"@type":"ReadAction","target":["https:\/\/robocream.com\/en\/prodotto\/r151-med\/"]}]},{"@type":"ImageObject","inLanguage":"en-US","@id":"https:\/\/robocream.com\/en\/prodotto\/r151-med\/#primaryimage","url":"https:\/\/i0.wp.com\/robocream.com\/wp-content\/uploads\/2022\/03\/R151MED.jpg?fit=649%2C649&ssl=1","contentUrl":"https:\/\/i0.wp.com\/robocream.com\/wp-content\/uploads\/2022\/03\/R151MED.jpg?fit=649%2C649&ssl=1","width":649,"height":649,"caption":"Cuocicrema 15 litri R151 MED"},{"@type":"BreadcrumbList","@id":"https:\/\/robocream.com\/en\/prodotto\/r151-med\/#breadcrumb","itemListElement":[{"@type":"ListItem","position":1,"name":"Home","item":"https:\/\/robocream.com\/en\/"},{"@type":"ListItem","position":2,"name":"Prodotti","item":"https:\/\/robocream.com\/shop\/"},{"@type":"ListItem","position":3,"name":"R151 MED"}]},{"@type":"WebSite","@id":"https:\/\/robocream.com\/#website","url":"https:\/\/robocream.com\/","name":"ROBOcream","description":"","potentialAction":[{"@type":"SearchAction","target":{"@type":"EntryPoint","urlTemplate":"https:\/\/robocream.com\/?s={search_term_string}"},"query-input":{"@type":"PropertyValueSpecification","valueRequired":true,"valueName":"search_term_string"}}],"inLanguage":"en-US"}]}},"_links":{"self":[{"href":"https:\/\/robocream.com\/en\/wp-json\/wp\/v2\/product\/1638","targetHints":{"allow":["GET"]}}],"collection":[{"href":"https:\/\/robocream.com\/en\/wp-json\/wp\/v2\/product"}],"about":[{"href":"https:\/\/robocream.com\/en\/wp-json\/wp\/v2\/types\/product"}],"replies":[{"embeddable":true,"href":"https:\/\/robocream.com\/en\/wp-json\/wp\/v2\/comments?post=1638"}],"wp:featuredmedia":[{"embeddable":true,"href":"https:\/\/robocream.com\/en\/wp-json\/wp\/v2\/media\/1525"}],"wp:attachment":[{"href":"https:\/\/robocream.com\/en\/wp-json\/wp\/v2\/media?parent=1638"}],"wp:term":[{"taxonomy":"product_brand","embeddable":true,"href":"https:\/\/robocream.com\/en\/wp-json\/wp\/v2\/product_brand?post=1638"},{"taxonomy":"product_cat","embeddable":true,"href":"https:\/\/robocream.com\/en\/wp-json\/wp\/v2\/product_cat?post=1638"},{"taxonomy":"product_tag","embeddable":true,"href":"https:\/\/robocream.com\/en\/wp-json\/wp\/v2\/product_tag?post=1638"}],"curies":[{"name":"wp","href":"https:\/\/api.w.org\/{rel}","templated":true}]}}